{"id":72919,"date":"2025-09-13T17:46:45","date_gmt":"2025-09-13T15:46:45","guid":{"rendered":"https:\/\/www.ilfilarino.it\/prodotto\/yarn-100-portuguese-wool-amalia-rosarios4\/"},"modified":"2026-02-09T00:17:11","modified_gmt":"2026-02-08T23:17:11","slug":"yarn-100-portuguese-wool-amalia-rosarios4","status":"publish","type":"product","link":"https:\/\/www.ilfilarino.it\/en\/product\/yarn-100-portuguese-wool-amalia-rosarios4\/","title":{"rendered":"Yarn 100% Portuguese Wool Amalia Rosarios4"},"content":{"rendered":"<h2>Amalia the 100% Portuguese Wool yarn from Rosarios 4 with beautiful colors<\/h2>\n<p>This wonderful 100% wool yarn is truly gorgeous, a hand that takes you back to ancient and fascinating times.<br \/>\nIt has the coarseness that allows it to be used for a thousand projects in both knitting and crochet. The colors are fabulous from natural to playful. <\/p>\n<p>Amalia is also part of the Ecofriendly Collection, a family of natural, untreated and certified yarns from Rosarios 4<\/p>\n<h3>Yarn Characteristics<\/h3>\n<p>Composition: 100% Portuguese Wool<br \/>\nElbow: 100 gr\/ 130 mt<br \/>\nNeedles: 5- 5.5 mm<br \/>\nSample: 10 X 10 mm= 17 stitches X 24 Needles<\/p>\n<p><strong>Care tips<\/strong><\/p>\n<h5><a href=\"https:\/\/rosarios4.com\/cuidados-e-simbolos-lavagem\/\"><img decoding=\"async\" class=\"alignleft size-full wp-image-2911 entered litespeed-loaded\" src=\"https:\/\/rosarios4.com\/wp-content\/uploads\/2017\/10\/LAVAGEM_MAO_max30graus.svg\" alt=\"Lavagem \u00e0 m\u00e3o - m\u00e1ximo 30\u00ba\" width=\"24\" data-lazyloaded=\"1\" data-src=\"https:\/\/rosarios4.com\/wp-content\/uploads\/2017\/10\/LAVAGEM_MAO_max30graus.svg\" data-ll-status=\"loaded\"><\/a><a href=\"https:\/\/rosarios4.com\/cuidados-e-simbolos-lavagem\/\"><img decoding=\"async\" class=\"alignleft size-full wp-image-2890 entered litespeed-loaded\" src=\"https:\/\/rosarios4.com\/wp-content\/uploads\/2017\/10\/Artboard-23USO-DE-LIXIVIA_NaoUsar.svg\" alt=\"\" width=\"24\" data-lazyloaded=\"1\" data-src=\"https:\/\/rosarios4.com\/wp-content\/uploads\/2017\/10\/Artboard-23USO-DE-LIXIVIA_NaoUsar.svg\" data-ll-status=\"loaded\"><\/a><a href=\"https:\/\/rosarios4.com\/cuidados-e-simbolos-lavagem\/\"><img decoding=\"async\" class=\"alignleft size-medium wp-image-2922 entered litespeed-loaded\" src=\"https:\/\/rosarios4.com\/wp-content\/uploads\/2017\/10\/MAQUINASECAR_NaoUsar.svg\" alt=\"\" width=\"24\" data-lazyloaded=\"1\" data-src=\"https:\/\/rosarios4.com\/wp-content\/uploads\/2017\/10\/MAQUINASECAR_NaoUsar.svg\" data-ll-status=\"loaded\"><\/a><a href=\"https:\/\/rosarios4.com\/cuidados-e-simbolos-lavagem\/\"><img decoding=\"async\" class=\"alignleft size-full wp-image-2881 entered litespeed-loaded\" src=\"https:\/\/rosarios4.com\/wp-content\/uploads\/2017\/10\/SECAGEM_NaoTorcer.svg\" alt=\"\" width=\"24\" data-lazyloaded=\"1\" data-src=\"https:\/\/rosarios4.com\/wp-content\/uploads\/2017\/10\/SECAGEM_NaoTorcer.svg\" data-ll-status=\"loaded\"><\/a><a href=\"https:\/\/rosarios4.com\/cuidados-e-simbolos-lavagem\/\"><img decoding=\"async\" class=\"alignleft size-full wp-image-2891 entered litespeed-loaded\" src=\"https:\/\/rosarios4.com\/wp-content\/uploads\/2017\/10\/FERRO_max110graus.svg\" alt=\"\" width=\"24\" data-lazyloaded=\"1\" data-src=\"https:\/\/rosarios4.com\/wp-content\/uploads\/2017\/10\/FERRO_max110graus.svg\" data-ll-status=\"loaded\"><\/a><a href=\"https:\/\/rosarios4.com\/cuidados-e-simbolos-lavagem\/\"><img decoding=\"async\" class=\"alignleft size-medium wp-image-2919 entered litespeed-loaded\" src=\"https:\/\/rosarios4.com\/wp-content\/uploads\/2017\/10\/LIMPEZA-A-SECO_c_essenciasMineraisePercloetileno.svg\" alt=\"\" width=\"24\" data-lazyloaded=\"1\" data-src=\"https:\/\/rosarios4.com\/wp-content\/uploads\/2017\/10\/LIMPEZA-A-SECO_c_essenciasMineraisePercloetileno.svg\" data-ll-status=\"loaded\"><\/a><\/h5>\n","protected":false},"excerpt":{"rendered":"<p>Amalia- RosarioS 4<\/p>\n","protected":false},"featured_media":70709,"template":"","meta":{"inline_featured_image":false,"_joinchat":[]},"product_brand":[],"product_cat":[2415,2428,12240,2401,6988,2471,12597,7140,8131,13743,2431,2441,2429,7138],"product_tag":[9193,13276,8127],"class_list":{"0":"post-72919","1":"product","2":"type-product","3":"status-publish","4":"has-post-thumbnail","6":"product_cat-100-wool-yarn","7":"product_cat-class-5-bulky-en","8":"product_cat-cardigans-and-pullovers","9":"product_cat-certified-yarn","10":"product_cat-discounts-discounts","11":"product_cat-type-of-fibre","12":"product_cat-new-winter-dream-yarns","13":"product_cat-not-just-black-friday-but-black-week","14":"product_cat-rosarios4-en","15":"product_cat-the-private-sales","16":"product_cat-yarn","17":"product_cat-yarn-brands","18":"product_cat-class-en","19":"product_cat-yarns-by-usage","20":"product_tag-100-wool-en","21":"product_tag-portuguese-wool","22":"product_tag-rosarios4-en","23":"pa_colore-amalia-01-en","24":"pa_colore-amalia-03-en","25":"pa_colore-amalia-19-en","27":"first","28":"instock","29":"taxable","30":"shipping-taxable","31":"purchasable","32":"product-type-variable"},"bundled_by":[],"bundle_stock_status":"instock","bundle_stock_quantity":null,"bundle_virtual":false,"bundle_layout":"","bundle_add_to_cart_form_location":"","bundle_editable_in_cart":false,"bundle_sold_individually_context":"","bundle_item_grouping":"","bundle_min_size":"","bundle_max_size":"","bundle_price":[],"bundled_items":[],"bundle_sell_ids":[],"yoast_head":"<!-- This site is optimized with the Yoast SEO plugin v27.3 - https:\/\/yoast.com\/product\/yoast-seo-wordpress\/ -->\n<title>Yarn 100% Portuguese Wool Amalia Rosarios4<\/title>\n<meta name=\"description\" content=\"Online yarn store. Available organic, cotton and wool yarns and certified vegan rosarios 4, fine yarns\" \/>\n<meta name=\"robots\" content=\"index, follow, max-snippet:-1, max-image-preview:large, max-video-preview:-1\" \/>\n<link rel=\"canonical\" href=\"https:\/\/www.ilfilarino.it\/en\/product\/yarn-100-portuguese-wool-amalia-rosarios4\/\" \/>\n<meta property=\"og:locale\" content=\"en_US\" \/>\n<meta property=\"og:type\" content=\"article\" \/>\n<meta property=\"og:title\" content=\"Yarn 100% Portuguese Wool Amalia Rosarios4\" \/>\n<meta property=\"og:description\" content=\"Online yarn store. Available organic, cotton and wool yarns and certified vegan rosarios 4, fine yarns\" \/>\n<meta property=\"og:url\" content=\"https:\/\/www.ilfilarino.it\/en\/product\/yarn-100-portuguese-wool-amalia-rosarios4\/\" \/>\n<meta property=\"og:site_name\" content=\"Negozio Filati Online - Il Filarino\" \/>\n<meta property=\"article:publisher\" content=\"https:\/\/www.facebook.com\/ilfilarino\/\" \/>\n<meta property=\"article:modified_time\" content=\"2026-02-08T23:17:11+00:00\" \/>\n<meta property=\"og:image\" content=\"https:\/\/www.ilfilarino.it\/wp-content\/uploads\/2025\/03\/ilfilarino.rosarios4.lana_.portoghese.Amalia-03-1.jpg\" \/>\n\t<meta property=\"og:image:width\" content=\"1020\" \/>\n\t<meta property=\"og:image:height\" content=\"1200\" \/>\n\t<meta property=\"og:image:type\" content=\"image\/jpeg\" \/>\n<script type=\"application\/ld+json\" class=\"yoast-schema-graph\">{\"@context\":\"https:\\\/\\\/schema.org\",\"@graph\":[{\"@type\":\"WebPage\",\"@id\":\"https:\\\/\\\/www.ilfilarino.it\\\/en\\\/product\\\/yarn-100-portuguese-wool-amalia-rosarios4\\\/\",\"url\":\"https:\\\/\\\/www.ilfilarino.it\\\/en\\\/product\\\/yarn-100-portuguese-wool-amalia-rosarios4\\\/\",\"name\":\"Yarn 100% Portuguese Wool Amalia Rosarios4\",\"isPartOf\":{\"@id\":\"https:\\\/\\\/www.ilfilarino.it\\\/#website\"},\"primaryImageOfPage\":{\"@id\":\"https:\\\/\\\/www.ilfilarino.it\\\/en\\\/product\\\/yarn-100-portuguese-wool-amalia-rosarios4\\\/#primaryimage\"},\"image\":{\"@id\":\"https:\\\/\\\/www.ilfilarino.it\\\/en\\\/product\\\/yarn-100-portuguese-wool-amalia-rosarios4\\\/#primaryimage\"},\"thumbnailUrl\":\"https:\\\/\\\/www.ilfilarino.it\\\/wp-content\\\/uploads\\\/2025\\\/03\\\/ilfilarino.rosarios4.lana_.portoghese.Amalia-03-1.jpg\",\"datePublished\":\"2025-09-13T15:46:45+00:00\",\"dateModified\":\"2026-02-08T23:17:11+00:00\",\"description\":\"Online yarn store. Available organic, cotton and wool yarns and certified vegan rosarios 4, fine yarns\",\"breadcrumb\":{\"@id\":\"https:\\\/\\\/www.ilfilarino.it\\\/en\\\/product\\\/yarn-100-portuguese-wool-amalia-rosarios4\\\/#breadcrumb\"},\"inLanguage\":\"en-US\",\"potentialAction\":[{\"@type\":\"ReadAction\",\"target\":[\"https:\\\/\\\/www.ilfilarino.it\\\/en\\\/product\\\/yarn-100-portuguese-wool-amalia-rosarios4\\\/\"]}]},{\"@type\":\"ImageObject\",\"inLanguage\":\"en-US\",\"@id\":\"https:\\\/\\\/www.ilfilarino.it\\\/en\\\/product\\\/yarn-100-portuguese-wool-amalia-rosarios4\\\/#primaryimage\",\"url\":\"https:\\\/\\\/www.ilfilarino.it\\\/wp-content\\\/uploads\\\/2025\\\/03\\\/ilfilarino.rosarios4.lana_.portoghese.Amalia-03-1.jpg\",\"contentUrl\":\"https:\\\/\\\/www.ilfilarino.it\\\/wp-content\\\/uploads\\\/2025\\\/03\\\/ilfilarino.rosarios4.lana_.portoghese.Amalia-03-1.jpg\",\"width\":1020,\"height\":1200,\"caption\":\"col 03\"},{\"@type\":\"BreadcrumbList\",\"@id\":\"https:\\\/\\\/www.ilfilarino.it\\\/en\\\/product\\\/yarn-100-portuguese-wool-amalia-rosarios4\\\/#breadcrumb\",\"itemListElement\":[{\"@type\":\"ListItem\",\"position\":1,\"name\":\"Home\",\"item\":\"https:\\\/\\\/www.ilfilarino.it\\\/en\\\/\"},{\"@type\":\"ListItem\",\"position\":2,\"name\":\"Shop\",\"item\":\"https:\\\/\\\/www.ilfilarino.it\\\/en\\\/shop\\\/\"},{\"@type\":\"ListItem\",\"position\":3,\"name\":\"Yarn 100% Portuguese Wool Amalia Rosarios4\"}]},{\"@type\":\"WebSite\",\"@id\":\"https:\\\/\\\/www.ilfilarino.it\\\/#website\",\"url\":\"https:\\\/\\\/www.ilfilarino.it\\\/\",\"name\":\"Negozio Filati Online - Il Filarino\",\"description\":\"Ecommerce filati shop filati\",\"publisher\":{\"@id\":\"https:\\\/\\\/www.ilfilarino.it\\\/#organization\"},\"potentialAction\":[{\"@type\":\"SearchAction\",\"target\":{\"@type\":\"EntryPoint\",\"urlTemplate\":\"https:\\\/\\\/www.ilfilarino.it\\\/?s={search_term_string}\"},\"query-input\":{\"@type\":\"PropertyValueSpecification\",\"valueRequired\":true,\"valueName\":\"search_term_string\"}}],\"inLanguage\":\"en-US\"},{\"@type\":\"Organization\",\"@id\":\"https:\\\/\\\/www.ilfilarino.it\\\/#organization\",\"name\":\"Negozio Filati Online - Il Filarino\",\"url\":\"https:\\\/\\\/www.ilfilarino.it\\\/\",\"logo\":{\"@type\":\"ImageObject\",\"inLanguage\":\"en-US\",\"@id\":\"https:\\\/\\\/www.ilfilarino.it\\\/#\\\/schema\\\/logo\\\/image\\\/\",\"url\":\"https:\\\/\\\/www.ilfilarino.it\\\/wp-content\\\/uploads\\\/2019\\\/10\\\/logo_ilFilarino_07.13.png\",\"contentUrl\":\"https:\\\/\\\/www.ilfilarino.it\\\/wp-content\\\/uploads\\\/2019\\\/10\\\/logo_ilFilarino_07.13.png\",\"width\":2560,\"height\":560,\"caption\":\"Negozio Filati Online - Il Filarino\"},\"image\":{\"@id\":\"https:\\\/\\\/www.ilfilarino.it\\\/#\\\/schema\\\/logo\\\/image\\\/\"},\"sameAs\":[\"https:\\\/\\\/www.facebook.com\\\/ilfilarino\\\/\",\"https:\\\/\\\/www.youtube.com\\\/channel\\\/UCYAusFWhfAyd_gOi7wcBy3A\",\"https:\\\/\\\/www.instagram.com\\\/ilfilarino\"]}]}<\/script>\n<!-- \/ Yoast SEO plugin. -->","yoast_head_json":{"title":"Yarn 100% Portuguese Wool Amalia Rosarios4","description":"Online yarn store. Available organic, cotton and wool yarns and certified vegan rosarios 4, fine yarns","robots":{"index":"index","follow":"follow","max-snippet":"max-snippet:-1","max-image-preview":"max-image-preview:large","max-video-preview":"max-video-preview:-1"},"canonical":"https:\/\/www.ilfilarino.it\/en\/product\/yarn-100-portuguese-wool-amalia-rosarios4\/","og_locale":"en_US","og_type":"article","og_title":"Yarn 100% Portuguese Wool Amalia Rosarios4","og_description":"Online yarn store. Available organic, cotton and wool yarns and certified vegan rosarios 4, fine yarns","og_url":"https:\/\/www.ilfilarino.it\/en\/product\/yarn-100-portuguese-wool-amalia-rosarios4\/","og_site_name":"Negozio Filati Online - Il Filarino","article_publisher":"https:\/\/www.facebook.com\/ilfilarino\/","article_modified_time":"2026-02-08T23:17:11+00:00","og_image":[{"width":1020,"height":1200,"url":"https:\/\/www.ilfilarino.it\/wp-content\/uploads\/2025\/03\/ilfilarino.rosarios4.lana_.portoghese.Amalia-03-1.jpg","type":"image\/jpeg"}],"schema":{"@context":"https:\/\/schema.org","@graph":[{"@type":"WebPage","@id":"https:\/\/www.ilfilarino.it\/en\/product\/yarn-100-portuguese-wool-amalia-rosarios4\/","url":"https:\/\/www.ilfilarino.it\/en\/product\/yarn-100-portuguese-wool-amalia-rosarios4\/","name":"Yarn 100% Portuguese Wool Amalia Rosarios4","isPartOf":{"@id":"https:\/\/www.ilfilarino.it\/#website"},"primaryImageOfPage":{"@id":"https:\/\/www.ilfilarino.it\/en\/product\/yarn-100-portuguese-wool-amalia-rosarios4\/#primaryimage"},"image":{"@id":"https:\/\/www.ilfilarino.it\/en\/product\/yarn-100-portuguese-wool-amalia-rosarios4\/#primaryimage"},"thumbnailUrl":"https:\/\/www.ilfilarino.it\/wp-content\/uploads\/2025\/03\/ilfilarino.rosarios4.lana_.portoghese.Amalia-03-1.jpg","datePublished":"2025-09-13T15:46:45+00:00","dateModified":"2026-02-08T23:17:11+00:00","description":"Online yarn store. Available organic, cotton and wool yarns and certified vegan rosarios 4, fine yarns","breadcrumb":{"@id":"https:\/\/www.ilfilarino.it\/en\/product\/yarn-100-portuguese-wool-amalia-rosarios4\/#breadcrumb"},"inLanguage":"en-US","potentialAction":[{"@type":"ReadAction","target":["https:\/\/www.ilfilarino.it\/en\/product\/yarn-100-portuguese-wool-amalia-rosarios4\/"]}]},{"@type":"ImageObject","inLanguage":"en-US","@id":"https:\/\/www.ilfilarino.it\/en\/product\/yarn-100-portuguese-wool-amalia-rosarios4\/#primaryimage","url":"https:\/\/www.ilfilarino.it\/wp-content\/uploads\/2025\/03\/ilfilarino.rosarios4.lana_.portoghese.Amalia-03-1.jpg","contentUrl":"https:\/\/www.ilfilarino.it\/wp-content\/uploads\/2025\/03\/ilfilarino.rosarios4.lana_.portoghese.Amalia-03-1.jpg","width":1020,"height":1200,"caption":"col 03"},{"@type":"BreadcrumbList","@id":"https:\/\/www.ilfilarino.it\/en\/product\/yarn-100-portuguese-wool-amalia-rosarios4\/#breadcrumb","itemListElement":[{"@type":"ListItem","position":1,"name":"Home","item":"https:\/\/www.ilfilarino.it\/en\/"},{"@type":"ListItem","position":2,"name":"Shop","item":"https:\/\/www.ilfilarino.it\/en\/shop\/"},{"@type":"ListItem","position":3,"name":"Yarn 100% Portuguese Wool Amalia Rosarios4"}]},{"@type":"WebSite","@id":"https:\/\/www.ilfilarino.it\/#website","url":"https:\/\/www.ilfilarino.it\/","name":"Negozio Filati Online - Il Filarino","description":"Ecommerce filati shop filati","publisher":{"@id":"https:\/\/www.ilfilarino.it\/#organization"},"potentialAction":[{"@type":"SearchAction","target":{"@type":"EntryPoint","urlTemplate":"https:\/\/www.ilfilarino.it\/?s={search_term_string}"},"query-input":{"@type":"PropertyValueSpecification","valueRequired":true,"valueName":"search_term_string"}}],"inLanguage":"en-US"},{"@type":"Organization","@id":"https:\/\/www.ilfilarino.it\/#organization","name":"Negozio Filati Online - Il Filarino","url":"https:\/\/www.ilfilarino.it\/","logo":{"@type":"ImageObject","inLanguage":"en-US","@id":"https:\/\/www.ilfilarino.it\/#\/schema\/logo\/image\/","url":"https:\/\/www.ilfilarino.it\/wp-content\/uploads\/2019\/10\/logo_ilFilarino_07.13.png","contentUrl":"https:\/\/www.ilfilarino.it\/wp-content\/uploads\/2019\/10\/logo_ilFilarino_07.13.png","width":2560,"height":560,"caption":"Negozio Filati Online - Il Filarino"},"image":{"@id":"https:\/\/www.ilfilarino.it\/#\/schema\/logo\/image\/"},"sameAs":["https:\/\/www.facebook.com\/ilfilarino\/","https:\/\/www.youtube.com\/channel\/UCYAusFWhfAyd_gOi7wcBy3A","https:\/\/www.instagram.com\/ilfilarino"]}]}},"_links":{"self":[{"href":"https:\/\/www.ilfilarino.it\/en\/wp-json\/wp\/v2\/product\/72919","targetHints":{"allow":["GET"]}}],"collection":[{"href":"https:\/\/www.ilfilarino.it\/en\/wp-json\/wp\/v2\/product"}],"about":[{"href":"https:\/\/www.ilfilarino.it\/en\/wp-json\/wp\/v2\/types\/product"}],"wp:featuredmedia":[{"embeddable":true,"href":"https:\/\/www.ilfilarino.it\/en\/wp-json\/wp\/v2\/media\/70709"}],"wp:attachment":[{"href":"https:\/\/www.ilfilarino.it\/en\/wp-json\/wp\/v2\/media?parent=72919"}],"wp:term":[{"taxonomy":"product_brand","embeddable":true,"href":"https:\/\/www.ilfilarino.it\/en\/wp-json\/wp\/v2\/product_brand?post=72919"},{"taxonomy":"product_cat","embeddable":true,"href":"https:\/\/www.ilfilarino.it\/en\/wp-json\/wp\/v2\/product_cat?post=72919"},{"taxonomy":"product_tag","embeddable":true,"href":"https:\/\/www.ilfilarino.it\/en\/wp-json\/wp\/v2\/product_tag?post=72919"}],"curies":[{"name":"wp","href":"https:\/\/api.w.org\/{rel}","templated":true}]}}